{"id":7892,"date":"2025-03-14T12:01:34","date_gmt":"2025-03-14T12:01:34","guid":{"rendered":"https:\/\/fundacjastrefakobiet.pl\/?page_id=7892"},"modified":"2025-03-14T14:59:47","modified_gmt":"2025-03-14T14:59:47","slug":"czasopismo","status":"publish","type":"page","link":"https:\/\/fundacjastrefakobiet.pl\/?page_id=7892","title":{"rendered":"Czasopismo"},"content":{"rendered":"\t\t<div data-elementor-type=\"wp-page\" data-elementor-id=\"7892\" class=\"elementor elementor-7892\">\n\t\t\t\t<div class=\"elementor-element elementor-element-undefined-f8c0703 e-flex e-con-boxed e-con e-parent\" data-id=\"undefined-f8c0703\" data-element_type=\"container\" data-settings=\"{&quot;background_background&quot;:&quot;classic&quot;}\">\n\t\t\t\t\t<div class=\"e-con-inner\">\n\t\t<div class=\"elementor-element elementor-element-undefined-fed092b e-flex e-con-boxed e-con e-child\" data-id=\"undefined-fed092b\" data-element_type=\"container\" data-settings=\"{&quot;background_background&quot;:&quot;classic&quot;}\">\n\t\t\t\t\t<div class=\"e-con-inner\">\n\t\t\t\t<div class=\"elementor-element elementor-element-undefined-1682122 elementor-widget elementor-widget-heading\" data-id=\"undefined-1682122\" data-element_type=\"widget\" data-widget_type=\"heading.default\">\n\t\t\t\t<div class=\"elementor-widget-container\">\n\t\t\t\t\t<h2 class=\"elementor-heading-title elementor-size-default\">Czasopismo ju\u017c wkr\u00f3tce! <\/h2>\t\t\t\t<\/div>\n\t\t\t\t<\/div>\n\t\t\t\t<div class=\"elementor-element elementor-element-undefined-a8c6548 elementor-widget elementor-widget-text-editor\" data-id=\"undefined-a8c6548\" data-element_type=\"widget\" data-widget_type=\"text-editor.default\">\n\t\t\t\t<div class=\"elementor-widget-container\">\n\t\t\t\t\t\t\t\t\t<p>Pracujemy nad stworzeniem nowej przestrzeni dla inspiruj\u0105cych tre\u015bci, wywiad\u00f3w i artyku\u0142\u00f3w. Ju\u017c wkr\u00f3tce znajdziesz tutaj wyj\u0105tkowe materia\u0142y, kt\u00f3re z pewno\u015bci\u0105 Ci\u0119 zaciekawi\u0105!<\/p>\t\t\t\t\t\t\t\t<\/div>\n\t\t\t\t<\/div>\n\t\t\t\t<div class=\"elementor-element elementor-element-2239754 elementor-widget elementor-widget-text-editor\" data-id=\"2239754\" data-element_type=\"widget\" data-widget_type=\"text-editor.default\">\n\t\t\t\t<div class=\"elementor-widget-container\">\n\t\t\t\t\t\t\t\t\t<p>W mi\u0119dzyczasie zapraszamy na naszego bloga<\/p>\t\t\t\t\t\t\t\t<\/div>\n\t\t\t\t<\/div>\n\t\t\t\t<div class=\"elementor-element elementor-element-undefined-f3612a9 elementor-widget__width-auto elementor-align-right elementor-button-default elementor-widget elementor-widget-button\" data-id=\"undefined-f3612a9\" data-element_type=\"widget\" data-widget_type=\"button.default\">\n\t\t\t\t<div class=\"elementor-widget-container\">\n\t\t\t\t\t\t\t\t\t<div class=\"elementor-button-wrapper\">\n\t\t\t\t\t<a class=\"elementor-button elementor-button-link elementor-size-sm\" href=\"\/?page_id=7886\">\n\t\t\t\t\t\t<span class=\"elementor-button-content-wrapper\">\n\t\t\t\t\t\t\t\t\t<span class=\"elementor-button-text\">Klinij tutaj!<\/span>\n\t\t\t\t\t<\/span>\n\t\t\t\t\t<\/a>\n\t\t\t\t<\/div>\n\t\t\t\t\t\t\t\t<\/div>\n\t\t\t\t<\/div>\n\t\t\t\t\t<\/div>\n\t\t\t\t<\/div>\n\t\t\t\t\t<\/div>\n\t\t\t\t<\/div>\n\t\t\t\t<\/div>\n\t\t","protected":false},"excerpt":{"rendered":"<p>Czasopismo ju\u017c wkr\u00f3tce! Pracujemy nad stworzeniem nowej przestrzeni dla inspiruj\u0105cych tre\u015bci, wywiad\u00f3w i artyku\u0142\u00f3w. Ju\u017c wkr\u00f3tce znajdziesz tutaj wyj\u0105tkowe materia\u0142y, kt\u00f3re z pewno\u015bci\u0105 Ci\u0119 zaciekawi\u0105! W mi\u0119dzyczasie zapraszamy na naszego bloga Klinij tutaj!<\/p>\n","protected":false},"author":1,"featured_media":0,"parent":0,"menu_order":0,"comment_status":"closed","ping_status":"closed","template":"","meta":{"footnotes":""},"class_list":["post-7892","page","type-page","status-publish","hentry"],"_links":{"self":[{"href":"https:\/\/fundacjastrefakobiet.pl\/index.php?rest_route=\/wp\/v2\/pages\/7892","targetHints":{"allow":["GET"]}}],"collection":[{"href":"https:\/\/fundacjastrefakobiet.pl\/index.php?rest_route=\/wp\/v2\/pages"}],"about":[{"href":"https:\/\/fundacjastrefakobiet.pl\/index.php?rest_route=\/wp\/v2\/types\/page"}],"author":[{"embeddable":true,"href":"https:\/\/fundacjastrefakobiet.pl\/index.php?rest_route=\/wp\/v2\/users\/1"}],"replies":[{"embeddable":true,"href":"https:\/\/fundacjastrefakobiet.pl\/index.php?rest_route=%2Fwp%2Fv2%2Fcomments&post=7892"}],"version-history":[{"count":7,"href":"https:\/\/fundacjastrefakobiet.pl\/index.php?rest_route=\/wp\/v2\/pages\/7892\/revisions"}],"predecessor-version":[{"id":8145,"href":"https:\/\/fundacjastrefakobiet.pl\/index.php?rest_route=\/wp\/v2\/pages\/7892\/revisions\/8145"}],"wp:attachment":[{"href":"https:\/\/fundacjastrefakobiet.pl\/index.php?rest_route=%2Fwp%2Fv2%2Fmedia&parent=7892"}],"curies":[{"name":"wp","href":"https:\/\/api.w.org\/{rel}","templated":true}]}}