{"id":36,"date":"2023-08-21T02:20:24","date_gmt":"2023-08-21T02:20:24","guid":{"rendered":"https:\/\/demo2wpopal.b-cdn.net\/lovewish\/?page_id=36"},"modified":"2025-03-14T11:51:38","modified_gmt":"2025-03-14T11:51:38","slug":"about","status":"publish","type":"page","link":"https:\/\/fundacjastrefakobiet.pl\/?page_id=36","title":{"rendered":"O nas"},"content":{"rendered":"\t\t<div data-elementor-type=\"wp-page\" data-elementor-id=\"36\" class=\"elementor elementor-36\">\n\t\t\t\t<div class=\"elementor-element elementor-element-37cd456 e-flex e-con-boxed e-con e-parent\" data-id=\"37cd456\" data-element_type=\"container\">\n\t\t\t\t\t<div class=\"e-con-inner\">\n\t\t<div class=\"elementor-element elementor-element-f8b6696 e-con-full e-flex e-con e-child\" data-id=\"f8b6696\" data-element_type=\"container\">\n\t\t\t\t<div class=\"elementor-element elementor-element-0069fb9 elementor-widget elementor-widget-image\" data-id=\"0069fb9\" data-element_type=\"widget\" data-widget_type=\"image.default\">\n\t\t\t\t<div class=\"elementor-widget-container\">\n\t\t\t\t\t\t\t\t\t\t\t\t\t\t\t<img decoding=\"async\" src=\"https:\/\/fundacjastrefakobiet.pl\/wp-content\/uploads\/elementor\/thumbs\/461279762_483568921345287_5357953046081308066_n-r2ugius77broavgm82w9mus3vhr2j8b50ruhvomky0.jpg\" title=\"461279762_483568921345287_5357953046081308066_n\" alt=\"461279762_483568921345287_5357953046081308066_n\" loading=\"lazy\" \/>\t\t\t\t\t\t\t\t\t\t\t\t\t\t\t<\/div>\n\t\t\t\t<\/div>\n\t\t\t\t<div class=\"elementor-element elementor-element-5b282d4 elementor-absolute elementor-hidden-tablet_extra elementor-hidden-tablet elementor-hidden-mobile_extra elementor-hidden-mobile elementor-invisible elementor-widget elementor-widget-image\" data-id=\"5b282d4\" data-element_type=\"widget\" data-settings=\"{&quot;_position&quot;:&quot;absolute&quot;,&quot;_animation&quot;:&quot;opal-move-down&quot;}\" data-widget_type=\"image.default\">\n\t\t\t\t<div class=\"elementor-widget-container\">\n\t\t\t\t\t\t\t\t\t\t\t\t\t\t\t<img decoding=\"async\" src=\"https:\/\/fundacjastrefakobiet.pl\/wp-content\/uploads\/elementor\/thumbs\/465791060_514072181628294_8976033743898974299_n-r2ugm2e97s9jozhyn2mbbzca44qcmp9vcgtm8bfe5o.jpg\" title=\"465791060_514072181628294_8976033743898974299_n\" alt=\"465791060_514072181628294_8976033743898974299_n\" loading=\"lazy\" \/>\t\t\t\t\t\t\t\t\t\t\t\t\t\t\t<\/div>\n\t\t\t\t<\/div>\n\t\t\t\t<div class=\"elementor-element elementor-element-246f56f elementor-absolute elementor-invisible elementor-widget elementor-widget-image\" data-id=\"246f56f\" data-element_type=\"widget\" data-settings=\"{&quot;_position&quot;:&quot;absolute&quot;,&quot;_animation&quot;:&quot;opal-move-up&quot;}\" data-widget_type=\"image.default\">\n\t\t\t\t<div class=\"elementor-widget-container\">\n\t\t\t\t\t\t\t\t\t\t\t\t\t\t\t<img decoding=\"async\" src=\"https:\/\/fundacjastrefakobiet.pl\/wp-content\/uploads\/elementor\/thumbs\/468527680_531389173229928_5954708892669967141_n-r2ugl2ohtsaxt0owttd2mp5mbkcvn516wajfp7p1ew.jpg\" title=\"468527680_531389173229928_5954708892669967141_n\" alt=\"468527680_531389173229928_5954708892669967141_n\" loading=\"lazy\" \/>\t\t\t\t\t\t\t\t\t\t\t\t\t\t\t<\/div>\n\t\t\t\t<\/div>\n\t\t\t\t<\/div>\n\t\t<div class=\"elementor-element elementor-element-599b044 e-con-full e-flex e-con e-child\" data-id=\"599b044\" data-element_type=\"container\">\n\t\t\t\t<div class=\"elementor-element elementor-element-07da36f elementor-widget elementor-widget-heading\" data-id=\"07da36f\" data-element_type=\"widget\" data-widget_type=\"heading.default\">\n\t\t\t\t<div class=\"elementor-widget-container\">\n\t\t\t\t\t<h2 class=\"elementor-heading-title elementor-size-default\">Nasza Misja \u2013 Wspieramy, Inspirujemy, Dzia\u0142amy<\/h2>\t\t\t\t<\/div>\n\t\t\t\t<\/div>\n\t\t\t\t<div class=\"elementor-element elementor-element-8da2050 elementor-widget-divider--view-line_text elementor-widget-divider--element-align-left elementor-widget elementor-widget-divider\" data-id=\"8da2050\" data-element_type=\"widget\" data-widget_type=\"divider.default\">\n\t\t\t\t<div class=\"elementor-widget-container\">\n\t\t\t\t\t\t\t<div class=\"elementor-divider\">\n\t\t\t<span class=\"elementor-divider-separator\">\n\t\t\t\t\t\t<\/span>\n\t\t<\/div>\n\t\t\t\t\t\t<\/div>\n\t\t\t\t<\/div>\n\t\t\t\t<div class=\"elementor-element elementor-element-b93d8a9 elementor-widget elementor-widget-text-editor\" data-id=\"b93d8a9\" data-element_type=\"widget\" data-widget_type=\"text-editor.default\">\n\t\t\t\t<div class=\"elementor-widget-container\">\n\t\t\t\t\t\t\t\t\t<p><strong data-start=\"233\" data-end=\"259\">Fundacja Strefa Kobiet<\/strong> powsta\u0142a z potrzeby tworzenia przestrzeni wsparcia i rozwoju dla kobiet, dzieci i m\u0142odzie\u017cy. Dzia\u0142amy na rzecz spo\u0142eczno\u015bci lokalnych, pomagaj\u0105c osobom w trudnych sytuacjach \u017cyciowych oraz wspieraj\u0105c je w d\u0105\u017ceniu do samorealizacji i niezale\u017cno\u015bci.<\/p><h5 data-start=\"511\" data-end=\"774\"><strong data-start=\"514\" data-end=\"535\">Nasz\u0105 misj\u0105 jest:<\/strong><\/h5><ul><li data-start=\"511\" data-end=\"774\">Wspieranie kobiet w budowaniu swojej pozycji zawodowej i spo\u0142ecznej.<\/li><li data-start=\"511\" data-end=\"774\">Pomoc dzieciom i m\u0142odzie\u017cy w rozwijaniu ich talent\u00f3w i pasji.<\/li><li data-start=\"511\" data-end=\"774\">Przeciwdzia\u0142anie wykluczeniu spo\u0142ecznemu poprzez integracj\u0119, edukacj\u0119 i wsparcie emocjonalne.<\/li><\/ul><p data-start=\"776\" data-end=\"874\"><strong data-start=\"776\" data-end=\"872\">Wierzymy, \u017ce ka\u017cda kobieta zas\u0142uguje na szans\u0119, by rozwin\u0105\u0107 skrzyd\u0142a i odnale\u017a\u0107 swoj\u0105 drog\u0119.<\/strong><\/p>\t\t\t\t\t\t\t\t<\/div>\n\t\t\t\t<\/div>\n\t\t\t\t<\/div>\n\t\t\t\t\t<\/div>\n\t\t\t\t<\/div>\n\t\t<div class=\"elementor-element elementor-element-8c6f7ef e-flex e-con-boxed e-con e-parent\" data-id=\"8c6f7ef\" data-element_type=\"container\">\n\t\t\t\t\t<div class=\"e-con-inner\">\n\t\t<div class=\"elementor-element elementor-element-e0d03fc e-con-full e-flex e-con e-child\" data-id=\"e0d03fc\" data-element_type=\"container\">\n\t\t\t\t<div class=\"elementor-element elementor-element-c01f8bd elementor-widget elementor-widget-heading\" data-id=\"c01f8bd\" data-element_type=\"widget\" data-widget_type=\"heading.default\">\n\t\t\t\t<div class=\"elementor-widget-container\">\n\t\t\t\t\t<h2 class=\"elementor-heading-title elementor-size-default\">Historia Fundacji<\/h2>\t\t\t\t<\/div>\n\t\t\t\t<\/div>\n\t\t\t\t<div class=\"elementor-element elementor-element-de57aff elementor-widget-divider--view-line_text elementor-widget-divider--element-align-left elementor-widget elementor-widget-divider\" data-id=\"de57aff\" data-element_type=\"widget\" data-widget_type=\"divider.default\">\n\t\t\t\t<div class=\"elementor-widget-container\">\n\t\t\t\t\t\t\t<div class=\"elementor-divider\">\n\t\t\t<span class=\"elementor-divider-separator\">\n\t\t\t\t\t\t<\/span>\n\t\t<\/div>\n\t\t\t\t\t\t<\/div>\n\t\t\t\t<\/div>\n\t\t\t\t<div class=\"elementor-element elementor-element-d5f4bf9 elementor-widget elementor-widget-text-editor\" data-id=\"d5f4bf9\" data-element_type=\"widget\" data-widget_type=\"text-editor.default\">\n\t\t\t\t<div class=\"elementor-widget-container\">\n\t\t\t\t\t\t\t\t\t<p>Fundacja Strefa Kobiet zosta\u0142a za\u0142o\u017cona z my\u015bl\u0105 o stworzeniu przestrzeni, w kt\u00f3rej kobiety znajd\u0105 wsparcie, motywacj\u0119 oraz narz\u0119dzia do rozwoju osobistego i zawodowego.<\/p><ul><li><strong data-start=\"1118\" data-end=\"1136\">Nasze pocz\u0105tki<\/strong> si\u0119gaj\u0105 wsp\u00f3\u0142pracy z <strong data-start=\"1158\" data-end=\"1203\">Regionalnym Kongresem Kobiet Podbeskidzia<\/strong>, kt\u00f3ry od ponad dekady inspiruje, edukuje i integruje kobiety z ca\u0142ego regionu.<\/li><li>Dzi\u0119ki zaanga\u017cowaniu i pasji, nasza Fundacja rozwin\u0119\u0142a si\u0119 w organizacj\u0119, kt\u00f3ra realizuje liczne projekty spo\u0142eczne, edukacyjne i kulturalne, maj\u0105ce na celu wsparcie kobiet oraz m\u0142odzie\u017cy.<\/li><\/ul>\t\t\t\t\t\t\t\t<\/div>\n\t\t\t\t<\/div>\n\t\t\t\t<\/div>\n\t\t\t\t<div class=\"elementor-element elementor-element-2534013 elementor-widget elementor-widget-image\" data-id=\"2534013\" data-element_type=\"widget\" data-widget_type=\"image.default\">\n\t\t\t\t<div class=\"elementor-widget-container\">\n\t\t\t\t\t\t\t\t\t\t\t\t\t\t\t<img fetchpriority=\"high\" decoding=\"async\" width=\"900\" height=\"600\" src=\"https:\/\/fundacjastrefakobiet.pl\/wp-content\/uploads\/2025\/03\/469606121_538321742536671_5530279023457964009_n-1024x683.jpg\" class=\"attachment-large size-large wp-image-7841\" alt=\"\" srcset=\"https:\/\/fundacjastrefakobiet.pl\/wp-content\/uploads\/2025\/03\/469606121_538321742536671_5530279023457964009_n-1024x683.jpg 1024w, https:\/\/fundacjastrefakobiet.pl\/wp-content\/uploads\/2025\/03\/469606121_538321742536671_5530279023457964009_n-300x200.jpg 300w, https:\/\/fundacjastrefakobiet.pl\/wp-content\/uploads\/2025\/03\/469606121_538321742536671_5530279023457964009_n-768x512.jpg 768w, https:\/\/fundacjastrefakobiet.pl\/wp-content\/uploads\/2025\/03\/469606121_538321742536671_5530279023457964009_n-1536x1024.jpg 1536w, https:\/\/fundacjastrefakobiet.pl\/wp-content\/uploads\/2025\/03\/469606121_538321742536671_5530279023457964009_n.jpg 2048w\" sizes=\"(max-width: 900px) 100vw, 900px\" \/>\t\t\t\t\t\t\t\t\t\t\t\t\t\t\t<\/div>\n\t\t\t\t<\/div>\n\t\t\t\t\t<\/div>\n\t\t\t\t<\/div>\n\t\t<div class=\"elementor-element elementor-element-0605b68 e-flex e-con-boxed e-con e-parent\" data-id=\"0605b68\" data-element_type=\"container\">\n\t\t\t\t\t<div class=\"e-con-inner\">\n\t\t\t\t<div class=\"elementor-element elementor-element-8258fbd elementor-widget elementor-widget-image\" data-id=\"8258fbd\" data-element_type=\"widget\" data-widget_type=\"image.default\">\n\t\t\t\t<div class=\"elementor-widget-container\">\n\t\t\t\t\t\t\t\t\t\t\t\t\t\t\t<img decoding=\"async\" width=\"900\" height=\"600\" src=\"https:\/\/fundacjastrefakobiet.pl\/wp-content\/uploads\/2025\/03\/467003772_521776850857827_1936489141965652983_n-1024x683.jpg\" class=\"attachment-large size-large wp-image-7848\" alt=\"\" srcset=\"https:\/\/fundacjastrefakobiet.pl\/wp-content\/uploads\/2025\/03\/467003772_521776850857827_1936489141965652983_n-1024x683.jpg 1024w, https:\/\/fundacjastrefakobiet.pl\/wp-content\/uploads\/2025\/03\/467003772_521776850857827_1936489141965652983_n-300x200.jpg 300w, https:\/\/fundacjastrefakobiet.pl\/wp-content\/uploads\/2025\/03\/467003772_521776850857827_1936489141965652983_n-768x512.jpg 768w, https:\/\/fundacjastrefakobiet.pl\/wp-content\/uploads\/2025\/03\/467003772_521776850857827_1936489141965652983_n-1536x1024.jpg 1536w, https:\/\/fundacjastrefakobiet.pl\/wp-content\/uploads\/2025\/03\/467003772_521776850857827_1936489141965652983_n.jpg 2048w\" sizes=\"(max-width: 900px) 100vw, 900px\" \/>\t\t\t\t\t\t\t\t\t\t\t\t\t\t\t<\/div>\n\t\t\t\t<\/div>\n\t\t<div class=\"elementor-element elementor-element-9770c4a e-con-full e-flex e-con e-child\" data-id=\"9770c4a\" data-element_type=\"container\">\n\t\t\t\t<div class=\"elementor-element elementor-element-a15d7c6 elementor-widget elementor-widget-heading\" data-id=\"a15d7c6\" data-element_type=\"widget\" data-widget_type=\"heading.default\">\n\t\t\t\t<div class=\"elementor-widget-container\">\n\t\t\t\t\t<h2 class=\"elementor-heading-title elementor-size-default\">Dzia\u0142amy na wielu p\u0142aszczyznach<\/h2>\t\t\t\t<\/div>\n\t\t\t\t<\/div>\n\t\t\t\t<div class=\"elementor-element elementor-element-a617932 elementor-widget-divider--view-line_text elementor-widget-divider--element-align-left elementor-widget elementor-widget-divider\" data-id=\"a617932\" data-element_type=\"widget\" data-widget_type=\"divider.default\">\n\t\t\t\t<div class=\"elementor-widget-container\">\n\t\t\t\t\t\t\t<div class=\"elementor-divider\">\n\t\t\t<span class=\"elementor-divider-separator\">\n\t\t\t\t\t\t<\/span>\n\t\t<\/div>\n\t\t\t\t\t\t<\/div>\n\t\t\t\t<\/div>\n\t\t\t\t<div class=\"elementor-element elementor-element-c84b5b9 elementor-widget elementor-widget-text-editor\" data-id=\"c84b5b9\" data-element_type=\"widget\" data-widget_type=\"text-editor.default\">\n\t\t\t\t<div class=\"elementor-widget-container\">\n\t\t\t\t\t\t\t\t\t<p>Nasze kluczowe inicjatywy to:<\/p><ul><li><strong data-start=\"1595\" data-end=\"1637\">Regionalny Kongres Kobiet Podbeskidzia<\/strong> \u2013 coroczne spotkanie pe\u0142ne inspiracji, wyst\u0105pie\u0144 ekspert\u00f3w i warsztat\u00f3w.<\/li><li><strong data-start=\"1716\" data-end=\"1743\">Akademia Kobiet Biznesu<\/strong> \u2013 program edukacyjny dla kobiet chc\u0105cych rozwin\u0105\u0107 swoje kompetencje w biznesie.<\/li><li><strong data-start=\"1829\" data-end=\"1843\">Odwa\u017cni BB<\/strong> \u2013 projekt spo\u0142eczny przeciwdzia\u0142aj\u0105cy przemocy i nios\u0105cy wsparcie osobom w trudnych sytuacjach.<\/li><li><strong data-start=\"1945\" data-end=\"1966\">Projekt Koronacja<\/strong> \u2013 wsparcie kobiet walcz\u0105cych z chorobami nowotworowymi poprzez dzia\u0142ania artystyczne i terapeutyczne.<\/li><li><strong data-start=\"2074\" data-end=\"2105\">Wydawnictwo &#8222;Strefa Kobiet&#8221;<\/strong> \u2013 magazyn pe\u0142en inspiruj\u0105cych tre\u015bci, porad i historii silnych kobiet.<\/li><\/ul>\t\t\t\t\t\t\t\t<\/div>\n\t\t\t\t<\/div>\n\t\t\t\t<\/div>\n\t\t\t\t\t<\/div>\n\t\t\t\t<\/div>\n\t\t<div class=\"elementor-element elementor-element-be9c3e7 e-flex e-con-boxed e-con e-parent\" data-id=\"be9c3e7\" data-element_type=\"container\">\n\t\t\t\t\t<div class=\"e-con-inner\">\n\t\t\t\t<div class=\"elementor-element elementor-element-bf64164 elementor-widget elementor-widget-text-editor\" data-id=\"bf64164\" data-element_type=\"widget\" data-widget_type=\"text-editor.default\">\n\t\t\t\t<div class=\"elementor-widget-container\">\n\t\t\t\t\t\t\t\t\t<h5>To, co nas wyr\u00f3\u017cnia<\/h5><ol><li><strong data-start=\"2252\" data-end=\"2266\">Tolerancja<\/strong> \u2013 Szanujemy r\u00f3\u017cnorodno\u015b\u0107 kobiet, niezale\u017cnie od wygl\u0105du, pochodzenia czy orientacji seksualnej.<\/li><li><strong data-start=\"2368\" data-end=\"2379\">Empatia<\/strong> \u2013 Rozumiemy trudno\u015bci, z jakimi mierz\u0105 si\u0119 kobiety, i wspieramy je w poszukiwaniu rozwi\u0105za\u0144.<\/li><li><strong data-start=\"2478\" data-end=\"2492\">Wsp\u00f3\u0142praca<\/strong> \u2013 Wierzymy, \u017ce wsp\u00f3lne dzia\u0142anie przynosi najlepsze rezultaty.<\/li><li><strong data-start=\"2561\" data-end=\"2571\">Rozw\u00f3j<\/strong> \u2013 Nasze dzia\u0142ania koncentruj\u0105 si\u0119 na ci\u0105g\u0142ym rozwoju, edukacji i poszerzaniu kompetencji kobiet.<\/li><li><strong data-start=\"2674\" data-end=\"2691\">Zaanga\u017cowanie<\/strong> \u2013 Dzia\u0142amy na rzecz lokalnych spo\u0142eczno\u015bci, pomagaj\u0105c tam, gdzie wsparcie jest najbardziej potrzebne.<\/li><\/ol>\t\t\t\t\t\t\t\t<\/div>\n\t\t\t\t<\/div>\n\t\t\t\t<div class=\"elementor-element elementor-element-f67b832 elementor-widget elementor-widget-image\" data-id=\"f67b832\" data-element_type=\"widget\" data-widget_type=\"image.default\">\n\t\t\t\t<div class=\"elementor-widget-container\">\n\t\t\t\t\t\t\t\t\t\t\t\t\t\t\t<img decoding=\"async\" width=\"900\" height=\"600\" src=\"https:\/\/fundacjastrefakobiet.pl\/wp-content\/uploads\/2025\/03\/469594731_538322065869972_8835735308561819919_n-1024x683.jpg\" class=\"attachment-large size-large wp-image-7861\" alt=\"\" srcset=\"https:\/\/fundacjastrefakobiet.pl\/wp-content\/uploads\/2025\/03\/469594731_538322065869972_8835735308561819919_n-1024x683.jpg 1024w, https:\/\/fundacjastrefakobiet.pl\/wp-content\/uploads\/2025\/03\/469594731_538322065869972_8835735308561819919_n-300x200.jpg 300w, https:\/\/fundacjastrefakobiet.pl\/wp-content\/uploads\/2025\/03\/469594731_538322065869972_8835735308561819919_n-768x512.jpg 768w, https:\/\/fundacjastrefakobiet.pl\/wp-content\/uploads\/2025\/03\/469594731_538322065869972_8835735308561819919_n-1536x1024.jpg 1536w, https:\/\/fundacjastrefakobiet.pl\/wp-content\/uploads\/2025\/03\/469594731_538322065869972_8835735308561819919_n.jpg 2048w\" sizes=\"(max-width: 900px) 100vw, 900px\" \/>\t\t\t\t\t\t\t\t\t\t\t\t\t\t\t<\/div>\n\t\t\t\t<\/div>\n\t\t\t\t\t<\/div>\n\t\t\t\t<\/div>\n\t\t\t\t<\/div>\n\t\t","protected":false},"excerpt":{"rendered":"<p>Nasza Misja \u2013 Wspieramy, Inspirujemy, Dzia\u0142amy Fundacja Strefa Kobiet powsta\u0142a z potrzeby tworzenia przestrzeni wsparcia i rozwoju dla kobiet, dzieci i m\u0142odzie\u017cy. Dzia\u0142amy na rzecz spo\u0142eczno\u015bci lokalnych, pomagaj\u0105c osobom w trudnych sytuacjach \u017cyciowych oraz wspieraj\u0105c je w d\u0105\u017ceniu do samorealizacji i niezale\u017cno\u015bci. Nasz\u0105 misj\u0105 jest: Wspieranie kobiet w budowaniu swojej pozycji zawodowej i spo\u0142ecznej. Pomoc [&hellip;]<\/p>\n","protected":false},"author":1,"featured_media":0,"parent":0,"menu_order":0,"comment_status":"closed","ping_status":"closed","template":"template-homepage.php","meta":{"footnotes":""},"class_list":["post-36","page","type-page","status-publish","hentry"],"_links":{"self":[{"href":"https:\/\/fundacjastrefakobiet.pl\/index.php?rest_route=\/wp\/v2\/pages\/36","targetHints":{"allow":["GET"]}}],"collection":[{"href":"https:\/\/fundacjastrefakobiet.pl\/index.php?rest_route=\/wp\/v2\/pages"}],"about":[{"href":"https:\/\/fundacjastrefakobiet.pl\/index.php?rest_route=\/wp\/v2\/types\/page"}],"author":[{"embeddable":true,"href":"https:\/\/fundacjastrefakobiet.pl\/index.php?rest_route=\/wp\/v2\/users\/1"}],"replies":[{"embeddable":true,"href":"https:\/\/fundacjastrefakobiet.pl\/index.php?rest_route=%2Fwp%2Fv2%2Fcomments&post=36"}],"version-history":[{"count":52,"href":"https:\/\/fundacjastrefakobiet.pl\/index.php?rest_route=\/wp\/v2\/pages\/36\/revisions"}],"predecessor-version":[{"id":7885,"href":"https:\/\/fundacjastrefakobiet.pl\/index.php?rest_route=\/wp\/v2\/pages\/36\/revisions\/7885"}],"wp:attachment":[{"href":"https:\/\/fundacjastrefakobiet.pl\/index.php?rest_route=%2Fwp%2Fv2%2Fmedia&parent=36"}],"curies":[{"name":"wp","href":"https:\/\/api.w.org\/{rel}","templated":true}]}}